{"id":215,"date":"2025-03-07T16:16:44","date_gmt":"2025-03-07T14:16:44","guid":{"rendered":"https:\/\/paulasarekanno.com\/pood\/"},"modified":"2025-05-05T13:21:41","modified_gmt":"2025-05-05T10:21:41","slug":"pood","status":"publish","type":"page","link":"https:\/\/paulasarekanno.com\/et\/pood\/","title":{"rendered":"Pood"},"content":{"rendered":"","protected":false},"excerpt":{"rendered":"","protected":false},"author":1,"featured_media":0,"parent":0,"menu_order":0,"comment_status":"closed","ping_status":"closed","template":"","meta":{"iawp_total_views":470,"footnotes":""},"class_list":["post-215","page","type-page","status-publish","hentry","latest_post"],"yoast_head":"<!-- This site is optimized with the Yoast SEO plugin v27.3 - https:\/\/yoast.com\/product\/yoast-seo-wordpress\/ -->\n<title>E-Pood - Paula S\u00e4rekanno<\/title>\n<meta name=\"description\" content=\"E-poest saate tellida minu kokaraamatu &quot;Lihtsus kokakunstis&quot; ja \u00fchtlasi soetada buy-in p\u00e4\u00e4sme minu Ladies Supper Club \u00fcritustele.\" \/>\n<meta name=\"robots\" content=\"index, follow, max-snippet:-1, max-image-preview:large, max-video-preview:-1\" \/>\n<link rel=\"canonical\" href=\"https:\/\/paulasarekanno.com\/et\/pood\/\" \/>\n<meta property=\"og:locale\" content=\"et_EE\" \/>\n<meta property=\"og:type\" content=\"article\" \/>\n<meta property=\"og:title\" content=\"E-Pood - Paula S\u00e4rekanno\" \/>\n<meta property=\"og:description\" content=\"E-poest saate tellida minu kokaraamatu &quot;Lihtsus kokakunstis&quot; ja \u00fchtlasi soetada buy-in p\u00e4\u00e4sme minu Ladies Supper Club \u00fcritustele.\" \/>\n<meta property=\"og:url\" content=\"https:\/\/paulasarekanno.com\/et\/pood\/\" \/>\n<meta property=\"og:site_name\" content=\"Paula S\u00e4rekanno\" \/>\n<meta property=\"article:modified_time\" content=\"2025-05-05T10:21:41+00:00\" \/>\n<meta name=\"twitter:card\" content=\"summary_large_image\" \/>\n<script type=\"application\/ld+json\" class=\"yoast-schema-graph\">{\"@context\":\"https:\\\/\\\/schema.org\",\"@graph\":[{\"@type\":\"WebPage\",\"@id\":\"https:\\\/\\\/paulasarekanno.com\\\/et\\\/pood\\\/\",\"url\":\"https:\\\/\\\/paulasarekanno.com\\\/et\\\/pood\\\/\",\"name\":\"E-Pood - Paula S\u00e4rekanno\",\"isPartOf\":{\"@id\":\"https:\\\/\\\/paulasarekanno.com\\\/et\\\/#website\"},\"datePublished\":\"2025-03-07T14:16:44+00:00\",\"dateModified\":\"2025-05-05T10:21:41+00:00\",\"description\":\"E-poest saate tellida minu kokaraamatu \\\"Lihtsus kokakunstis\\\" ja \u00fchtlasi soetada buy-in p\u00e4\u00e4sme minu Ladies Supper Club \u00fcritustele.\",\"breadcrumb\":{\"@id\":\"https:\\\/\\\/paulasarekanno.com\\\/et\\\/pood\\\/#breadcrumb\"},\"inLanguage\":\"et\",\"potentialAction\":[{\"@type\":\"ReadAction\",\"target\":[\"https:\\\/\\\/paulasarekanno.com\\\/et\\\/pood\\\/\"]}]},{\"@type\":\"BreadcrumbList\",\"@id\":\"https:\\\/\\\/paulasarekanno.com\\\/et\\\/pood\\\/#breadcrumb\",\"itemListElement\":[{\"@type\":\"ListItem\",\"position\":1,\"name\":\"Home\",\"item\":\"https:\\\/\\\/paulasarekanno.com\\\/et\\\/avaleht\\\/\"},{\"@type\":\"ListItem\",\"position\":2,\"name\":\"Pood\"}]},{\"@type\":\"WebSite\",\"@id\":\"https:\\\/\\\/paulasarekanno.com\\\/et\\\/#website\",\"url\":\"https:\\\/\\\/paulasarekanno.com\\\/et\\\/\",\"name\":\"Paula S\u00e4rekanno\",\"description\":\"Paula S\u00e4rekanno\",\"potentialAction\":[{\"@type\":\"SearchAction\",\"target\":{\"@type\":\"EntryPoint\",\"urlTemplate\":\"https:\\\/\\\/paulasarekanno.com\\\/et\\\/?s={search_term_string}\"},\"query-input\":{\"@type\":\"PropertyValueSpecification\",\"valueRequired\":true,\"valueName\":\"search_term_string\"}}],\"inLanguage\":\"et\"}]}<\/script>\n<!-- \/ Yoast SEO plugin. -->","yoast_head_json":{"title":"E-Pood - Paula S\u00e4rekanno","description":"E-poest saate tellida minu kokaraamatu \"Lihtsus kokakunstis\" ja \u00fchtlasi soetada buy-in p\u00e4\u00e4sme minu Ladies Supper Club \u00fcritustele.","robots":{"index":"index","follow":"follow","max-snippet":"max-snippet:-1","max-image-preview":"max-image-preview:large","max-video-preview":"max-video-preview:-1"},"canonical":"https:\/\/paulasarekanno.com\/et\/pood\/","og_locale":"et_EE","og_type":"article","og_title":"E-Pood - Paula S\u00e4rekanno","og_description":"E-poest saate tellida minu kokaraamatu \"Lihtsus kokakunstis\" ja \u00fchtlasi soetada buy-in p\u00e4\u00e4sme minu Ladies Supper Club \u00fcritustele.","og_url":"https:\/\/paulasarekanno.com\/et\/pood\/","og_site_name":"Paula S\u00e4rekanno","article_modified_time":"2025-05-05T10:21:41+00:00","twitter_card":"summary_large_image","schema":{"@context":"https:\/\/schema.org","@graph":[{"@type":"WebPage","@id":"https:\/\/paulasarekanno.com\/et\/pood\/","url":"https:\/\/paulasarekanno.com\/et\/pood\/","name":"E-Pood - Paula S\u00e4rekanno","isPartOf":{"@id":"https:\/\/paulasarekanno.com\/et\/#website"},"datePublished":"2025-03-07T14:16:44+00:00","dateModified":"2025-05-05T10:21:41+00:00","description":"E-poest saate tellida minu kokaraamatu \"Lihtsus kokakunstis\" ja \u00fchtlasi soetada buy-in p\u00e4\u00e4sme minu Ladies Supper Club \u00fcritustele.","breadcrumb":{"@id":"https:\/\/paulasarekanno.com\/et\/pood\/#breadcrumb"},"inLanguage":"et","potentialAction":[{"@type":"ReadAction","target":["https:\/\/paulasarekanno.com\/et\/pood\/"]}]},{"@type":"BreadcrumbList","@id":"https:\/\/paulasarekanno.com\/et\/pood\/#breadcrumb","itemListElement":[{"@type":"ListItem","position":1,"name":"Home","item":"https:\/\/paulasarekanno.com\/et\/avaleht\/"},{"@type":"ListItem","position":2,"name":"Pood"}]},{"@type":"WebSite","@id":"https:\/\/paulasarekanno.com\/et\/#website","url":"https:\/\/paulasarekanno.com\/et\/","name":"Paula S\u00e4rekanno","description":"Paula S\u00e4rekanno","potentialAction":[{"@type":"SearchAction","target":{"@type":"EntryPoint","urlTemplate":"https:\/\/paulasarekanno.com\/et\/?s={search_term_string}"},"query-input":{"@type":"PropertyValueSpecification","valueRequired":true,"valueName":"search_term_string"}}],"inLanguage":"et"}]}},"_links":{"self":[{"href":"https:\/\/paulasarekanno.com\/et\/wp-json\/wp\/v2\/pages\/215","targetHints":{"allow":["GET"]}}],"collection":[{"href":"https:\/\/paulasarekanno.com\/et\/wp-json\/wp\/v2\/pages"}],"about":[{"href":"https:\/\/paulasarekanno.com\/et\/wp-json\/wp\/v2\/types\/page"}],"author":[{"embeddable":true,"href":"https:\/\/paulasarekanno.com\/et\/wp-json\/wp\/v2\/users\/1"}],"replies":[{"embeddable":true,"href":"https:\/\/paulasarekanno.com\/et\/wp-json\/wp\/v2\/comments?post=215"}],"version-history":[{"count":1,"href":"https:\/\/paulasarekanno.com\/et\/wp-json\/wp\/v2\/pages\/215\/revisions"}],"predecessor-version":[{"id":1364,"href":"https:\/\/paulasarekanno.com\/et\/wp-json\/wp\/v2\/pages\/215\/revisions\/1364"}],"wp:attachment":[{"href":"https:\/\/paulasarekanno.com\/et\/wp-json\/wp\/v2\/media?parent=215"}],"curies":[{"name":"wp","href":"https:\/\/api.w.org\/{rel}","templated":true}]}}